{"id":521,"date":"2024-12-03T18:03:22","date_gmt":"2024-12-03T18:03:22","guid":{"rendered":"https:\/\/svansele.com\/contact\/"},"modified":"2025-03-16T20:28:21","modified_gmt":"2025-03-16T20:28:21","slug":"contact","status":"publish","type":"page","link":"https:\/\/www.svansele.com\/en\/contact\/","title":{"rendered":"Contact"},"content":{"rendered":"<div class=\"wp-block-uagb-container uagb-block-a31a30fe alignfull uagb-is-root-container\"><div class=\"uagb-container-inner-blocks-wrap\">\n<div class=\"wp-block-uagb-container uagb-block-eca364b1\"><\/div>\n\n\n\n<div class=\"wp-block-uagb-container uagb-block-2b85e674\"><\/div>\n<\/div><\/div>\n\n\n\n<div class=\"wp-block-uagb-container uagb-block-1aae6bc8 alignfull uagb-is-root-container\"><div class=\"uagb-container-inner-blocks-wrap\"><\/div><\/div>\n\n\n\n<div class=\"wp-block-uagb-container uag-blocks-common-selector uagb-layout-grid uagb-block-5e43174a alignfull uagb-is-root-container\"><div class=\"uagb-container-inner-blocks-wrap\">\n<div class=\"wp-block-uagb-container uagb-block-20d8f03d\">\n<div class=\"wp-block-uagb-info-box uagb-block-51deebd5 uagb-infobox__content-wrap  uagb-infobox-icon-above-title uagb-infobox-image-valign-top\"><div class=\"uagb-ifb-content\"><div class=\"uagb-ifb-title-wrap\"><span class=\"uagb-ifb-title-prefix\">N\u00e5gra fr\u00e5gor?<\/span><h2 class=\"uagb-ifb-title\">Send your questions or requests directly to us.<\/h2><\/div><p class=\"uagb-ifb-desc\">Skriv till oss p\u00e5 info@svansele.com, eller ring oss p\u00e5 0915-21003.<br><br>Vi ser fram emot att h\u00f6ra fr\u00e5n dig och svarar s\u00e5 snabbt vi kan!<br><br><br><br><\/p><\/div><\/div>\n\n\n\n<div class=\"wp-block-uagb-container uagb-layout-grid uagb-block-e53334d1\">\n<div class=\"wp-block-uagb-advanced-heading uagb-block-9d3fe7ac\"><p class=\"uagb-heading-text\">Social media<\/p><\/div>\n\n\n\n<div class=\"wp-block-uagb-icon-list uagb-block-c64c8b14\"><div class=\"uagb-icon-list__wrap\">\n<div class=\"wp-block-uagb-icon-list-child uagb-block-46e290c6\"><a target=\"_blank\" aria-label=\"List item\" rel=\"noopener noreferrer\" href=\"https:\/\/www.facebook.com\/Svansele\/?locale=sv_SE\"> <\/a><span class=\"uagb-icon-list__source-wrap\"><svg xmlns=\"https:\/\/www.w3.org\/2000\/svg\" viewbox=\"0 0 512 512\"><path d=\"M504 256C504 119 393 8 256 8S8 119 8 256c0 123.8 90.69 226.4 209.3 245V327.7h-63V256h63v-54.64c0-62.15 37-96.48 93.67-96.48 27.14 0 55.52 4.84 55.52 4.84v61h-31.28c-30.8 0-40.41 19.12-40.41 38.73V256h68.78l-11 71.69h-57.78V501C413.3 482.4 504 379.8 504 256z\"><\/path><\/svg><\/span><\/div>\n\n\n\n<div class=\"wp-block-uagb-icon-list-child uagb-block-ca358a2b\"><a target=\"_blank\" aria-label=\"List item\" rel=\"noopener noreferrer\" href=\"https:\/\/www.instagram.com\/svanselewilderness\/\"> <\/a><span class=\"uagb-icon-list__source-wrap\"><svg xmlns=\"https:\/\/www.w3.org\/2000\/svg\" viewbox=\"0 0 448 512\"><path d=\"M224.1 141c-63.6 0-114.9 51.3-114.9 114.9s51.3 114.9 114.9 114.9S339 319.5 339 255.9 287.7 141 224.1 141zm0 189.6c-41.1 0-74.7-33.5-74.7-74.7s33.5-74.7 74.7-74.7 74.7 33.5 74.7 74.7-33.6 74.7-74.7 74.7zm146.4-194.3c0 14.9-12 26.8-26.8 26.8-14.9 0-26.8-12-26.8-26.8s12-26.8 26.8-26.8 26.8 12 26.8 26.8zm76.1 27.2c-1.7-35.9-9.9-67.7-36.2-93.9-26.2-26.2-58-34.4-93.9-36.2-37-2.1-147.9-2.1-184.9 0-35.8 1.7-67.6 9.9-93.9 36.1s-34.4 58-36.2 93.9c-2.1 37-2.1 147.9 0 184.9 1.7 35.9 9.9 67.7 36.2 93.9s58 34.4 93.9 36.2c37 2.1 147.9 2.1 184.9 0 35.9-1.7 67.7-9.9 93.9-36.2 26.2-26.2 34.4-58 36.2-93.9 2.1-37 2.1-147.8 0-184.8zM398.8 388c-7.8 19.6-22.9 34.7-42.6 42.6-29.5 11.7-99.5 9-132.1 9s-102.7 2.6-132.1-9c-19.6-7.8-34.7-22.9-42.6-42.6-11.7-29.5-9-99.5-9-132.1s-2.6-102.7 9-132.1c7.8-19.6 22.9-34.7 42.6-42.6 29.5-11.7 99.5-9 132.1-9s102.7-2.6 132.1 9c19.6 7.8 34.7 22.9 42.6 42.6 11.7 29.5 9 99.5 9 132.1s2.7 102.7-9 132.1z\"><\/path><\/svg><\/span><\/div>\n<\/div><\/div>\n<\/div>\n<\/div>\n\n\n\t\t\t<div class=\"srfm-form-container srfm-form-container-568\">\n\t\t\t<style>\n\t\t\t\t\/* Need to check and remove the input variables related to the Style Tab. *\/\n\t\t\t\t.srfm-form-container-568 {\n\t\t\t\t\t\/* New test variables *\/\n\t\t\t\t\t--srfm-color-scheme-primary: var(--ast-global-color-0);\n\t\t\t\t\t--srfm-color-scheme-text-on-primary: #FFFFFF;\n\t\t\t\t\t--srfm-color-scheme-text: var(--ast-global-color-2);\n\n\t\t\t\t\t--srfm-color-input-label: var(--ast-global-color-2);\n\t\t\t\t\t--srfm-color-input-description: hsl( from var(--ast-global-color-2) h s l \/ 0.65 );\n\t\t\t\t\t--srfm-color-input-placeholder: hsl( from var(--ast-global-color-2) h s l \/ 0.5 );\n\t\t\t\t\t--srfm-color-input-text: var(--ast-global-color-2);\n\t\t\t\t\t--srfm-color-input-prefix: hsl( from var(--ast-global-color-2) h s l \/ 0.65 );\n\t\t\t\t\t--srfm-color-input-background: hsl( from var(--ast-global-color-2) h s l \/ 0.02 );\n\t\t\t\t\t--srfm-color-input-background-hover: hsl( from var(--ast-global-color-2) h s l \/ 0.05 );\n\t\t\t\t\t--srfm-color-input-background-disabled: hsl( from var(--ast-global-color-2) h s l \/ 0.05 );\n\t\t\t\t\t--srfm-color-input-border: hsl( from var(--ast-global-color-2) h s l \/ 0.25 );\n\t\t\t\t\t--srfm-color-input-border-disabled: hsl( from var(--ast-global-color-2) h s l \/ 0.15 );\n\t\t\t\t\t--srfm-color-multi-choice-svg: hsl( from var(--ast-global-color-2) h s l \/ 0.7 );\n\t\t\t\t\t--srfm-color-input-border-hover: hsl( from var(--ast-global-color-0) h s l \/ 0.65 );\n\t\t\t\t\t--srfm-color-input-border-focus-glow: hsl( from var(--ast-global-color-0) h s l \/ 0.15 );\n\t\t\t\t\t--srfm-color-input-selected: hsl( from var(--ast-global-color-0) h s l \/ 0.1 );\n\t\t\t\t\t--srfm-btn-color-hover: hsl( from var(--ast-global-color-0) h s l \/ 0.9 );\n\t\t\t\t\t--srfm-btn-color-disabled: hsl( from var(--ast-global-color-0) h s l \/ 0.25 );\n\n\t\t\t\t\t\/* Dropdown Variables *\/\n\t\t\t\t\t--srfm-dropdown-input-background-hover: hsl( from var(--ast-global-color-2) h s l \/ 0.05 );\n\t\t\t\t\t--srfm-dropdown-option-background-hover: hsl( from var(--ast-global-color-2) h s l \/ 0.10 );\n\t\t\t\t\t--srfm-dropdown-option-background-selected: hsl( from var(--ast-global-color-2) h s l \/ 0.05 );\n\t\t\t\t\t--srfm-dropdown-option-selected-icon: hsl( from var(--ast-global-color-2) h s l \/ 0.65 );\n\t\t\t\t\t--srfm-dropdown-option-text-color: hsl( from var(--ast-global-color-2) h s l \/ 0.80 );\n\t\t\t\t\t--srfm-dropdown-option-selected-text: var(--ast-global-color-2);\n\t\t\t\t\t--srfm-dropdown-badge-background: hsl( from var(--ast-global-color-2) h s l \/ 0.05 );\n\t\t\t\t\t--srfm-dropdown-badge-background-hover: hsl( from var(--ast-global-color-2) h s l \/ 0.10 );\n\t\t\t\t\t--srfm-dropdown-menu-border-color: hsl( from var(--ast-global-color-2) h s l \/ 0.10 );\n\t\t\t\t\t--srfm-dropdown-placeholder-color: hsl( from var(--ast-global-color-2) h s l \/ 0.50 );\n\t\t\t\t\t--srfm-dropdown-icon-color: hsl( from var(--ast-global-color-2) h s l \/ 0.65 );\n\t\t\t\t\t--srfm-dropdown-icon-disabled: hsl( from var(--ast-global-color-2) h s l \/ 0.25 );\n\t\t\t\t\t--srfm-row-gap-between-blocks: 18px;--srfm-col-gap-between-fields: 16px;--srfm-row-gap-between-fields: 16px;--srfm-gap-below-address-label: 14px;--srfm-dropdown-font-size: 14px;--srfm-dropdown-gap-between-input-menu: 4px;--srfm-dropdown-badge-padding: 2px 6px;--srfm-dropdown-multiselect-font-size: 12px;--srfm-dropdown-multiselect-line-height: 16px;--srfm-dropdown-padding-right: 12px;--srfm-dropdown-padding-right-icon: calc( var( --srfm-dropdown-padding-right ) + 20px );--srfm-dropdown-multiselect-padding: 8px var( --srfm-dropdown-padding-right-icon ) 8px 8px;--srfm-input-height: 44px;--srfm-input-field-padding: 10px 12px;--srfm-input-field-font-size: 16px;--srfm-input-field-line-height: 24px;--srfm-input-field-margin: 6px 0;--srfm-check-ctn-width: 16px;--srfm-check-ctn-height: 16px;--srfm-check-svg-size: 10px;--srfm-checkbox-margin-top-frontend: 4px;--srfm-checkbox-margin-top-editor: 6px;--srfm-check-gap: 8px;--srfm-checkbox-description-margin-left: 24px;--srfm-flag-section-padding: 10px 0 10px 12px;--srfm-gap-between-icon-text: 8px;--srfm-label-font-size: 16px;--srfm-label-line-height: 24px;--srfm-description-font-size: 14px;--srfm-description-line-height: 20px;--srfm-btn-padding: 10px 14px;--srfm-btn-font-size: 16px;--srfm-btn-line-height: 24px;--srfm-multi-choice-horizontal-padding: 20px;--srfm-multi-choice-vertical-padding: 20px;--srfm-multi-choice-internal-option-gap: 8px;--srfm-multi-choice-vertical-svg-size: 40px;--srfm-multi-choice-horizontal-image-size: 24px;--srfm-multi-choice-vertical-image-size: 120px;--srfm-multi-choice-outer-padding: 2px;\t\t\t\t}\n\t\t\t<\/style>\n\t\t\t\t\t\t\t<form method=\"post\" enctype=\"multipart\/form-data\" id=\"srfm-form-568\" class=\"srfm-form\"\n\t\t\t\tform-id=\"568\" after-submission=\"hide form\" message-type=\"same page\" success-url=\"\" ajaxurl=\"https:\/\/www.svansele.com\/wp-admin\/admin-ajax.php\" nonce=\"9f50ca04b6\" action=\"\"\n\t\t\t\t>\n\t\t\t\t<input type=\"hidden\" id=\"sureforms_form_submit\" name=\"sureforms_form_submit\" value=\"1cc90f5356\" \/><input type=\"hidden\" name=\"_wp_http_referer\" value=\"\/en\/wp-json\/wp\/v2\/pages\/521\" \/>\n\t\t\t\t<input type=\"hidden\" value=\"568\" name=\"form-id\">\n\t\t\t\t<input type=\"hidden\" value=\"\" name=\"srfm-sender-email-field\" id=\"srfm-sender-email\">\n\t\t\t\t<input type=\"hidden\" value=\"\" id=\"srfm-page-break\">\n\t\t\t\t\t\t\t\t\t\t\t<div data-block-id=\"6c7204dd\" class=\"srfm-block-single srfm-block srfm-input-block srf-input-6c7204dd-block srfm-block-width-100 568\">\n\t\t\t<label id=\"srfm-label-6c7204dd-lbl-TmFtbg\" for=\"srfm-input-6c7204dd-lbl-TmFtbg\" class=\"srfm-block-label\">Name<span class=\"srfm-required\" aria-label=\"Required\"><span aria-hidden=\"true\"> *<\/span><\/span><\/label>\t\t\t<div class=\"srfm-description\" id=\"srfm-description-6c7204dd\">What's your name?<\/div>\t\t\t\t<div class=\"srfm-block-wrap\">\n\t\t\t\t<input class=\"srfm-input-common srfm-input-input\" type=\"text\" name=\"srfm-input-6c7204dd-lbl-TmFtbg-namn\" id=\"srfm-input-6c7204dd-lbl-TmFtbg\"\n\t\t\t\t\taria-describedby='srfm-error-6c7204dd srfm-description-6c7204dd'\t\t\t\t\tdata-required=\"true\" data-unique=\"false\" maxlength=\"100\" value=\"\"  data-srfm-mask=\"none\"  \/>\n\t\t\t\t<\/div>\n\t\t\t\t<div class=\"srfm-error-wrap\">\n\t\t\t\t\t<div class=\"srfm-error-message\" data-srfm-id=\"srfm-error-6c7204dd\" data-error-msg=\"This field is required.\" data-unique-msg=\"Value needs to be unique.\">This field is required.<\/div>\t\t\t\t<\/div>\n\t\t\t<\/div>\n\t\t\n\n\t\t\t<div data-block-id=\"04ee0f7a\" class=\"srfm-block-single srfm-block srfm-email-block-wrap srfm-block-width-100 568\">\n\t\t\t\t<div class=\"srfm-email-block srf-email-04ee0f7a-block\">\n\t\t\t\t\t<label id=\"srfm-label-04ee0f7a-lbl-RS1wb3N0\" for=\"srfm-email-04ee0f7a-lbl-RS1wb3N0\" class=\"srfm-block-label\">Email<span class=\"srfm-required\" aria-label=\"Required\"><span aria-hidden=\"true\"> *<\/span><\/span><\/label>\t\t\t\t\t<div class=\"srfm-description\" id=\"srfm-description-04ee0f7a\">Where would you want us to reply?<\/div>\t\t\t\t\t<div class=\"srfm-block-wrap\">\n\t\t\t\t\t\t<input class=\"srfm-input-common srfm-input-email\" type=\"email\" name=\"srfm-email-04ee0f7a-lbl-RS1wb3N0-e-post\" id=\"srfm-email-04ee0f7a-lbl-RS1wb3N0\"\n\t\t\t\t\t\taria-describedby='srfm-error-04ee0f7a srfm-description-04ee0f7a'\t\t\t\t\t\tdata-required=\"true\" data-unique=\"false\"   \/>\n\t\t\t\t\t\t<span class=\"srfm-icon srfm-error-icon\" ><svg width='14' height='14' viewbox='0 0 14 14' fill='none' xmlns='http:\/\/www.w3.org\/2000\/svg'><path d='M7 5V7.5M13 7C13 10.3137 10.3137 13 7 13C3.68629 13 1 10.3137 1 7C1 3.68629 3.68629 1 7 1C10.3137 1 13 3.68629 13 7ZM7 9.5H7.005V9.505H7V9.5Z' stroke='currentColor' stroke-width='1.33' stroke-linecap='round' stroke-linejoin='round'\/><\/svg><\/span>\t\t\t\t\t<\/div>\n\t\t\t\t\t<div class=\"srfm-error-wrap\">\n\t\t\t\t\t\t<div class=\"srfm-error-message\" data-srfm-id=\"srfm-error-04ee0f7a\" data-error-msg=\"This field is required.\" data-unique-msg=\"Value needs to be unique.\">This field is required.<\/div>\t\t\t\t\t<\/div>\n\t\t\t\t<\/div>\n\t\t\t\t\t\t\t<\/div>\n\t\t\n\n\t\t<div data-block-id=\"5b4e28e1\" class=\"srfm-block-single srfm-block srfm-phone-block srf-phone-5b4e28e1-block srfm-block-width-100 568\">\n\t\t\t<label id=\"srfm-label-5b4e28e1-lbl-VGVsZWZvbg\" for=\"srfm-phone-5b4e28e1-lbl-VGVsZWZvbg\" class=\"srfm-block-label\">Telephone<\/label>\t\t\t<div class=\"srfm-description\" id=\"srfm-description-5b4e28e1\">Your phone number, if you prefer us to call you back.<\/div>\t\t\t<div class=\"srfm-block-wrap\">\n\t\t\t\t<input type=\"tel\" class=\"srfm-input-common srfm-input-phone\" name=\"srfm-phone-5b4e28e1-lbl-VGVsZWZvbg-telefon\" id=\"srfm-phone-5b4e28e1-lbl-VGVsZWZvbg\"\n\t\t\t\taria-describedby='srfm-error-5b4e28e1 srfm-description-5b4e28e1'\t\t\t\tdata-required=\"false\" auto-country=\"true\" value=\"\"  data-unique=\"false\">\n\t\t\t<\/div>\n\t\t\t<div class=\"srfm-error-wrap\">\n\t\t\t\t<div class=\"srfm-error-message\" data-srfm-id=\"srfm-error-5b4e28e1\" data-error-msg=\"This field is required.\" data-unique-msg=\"Value needs to be unique.\">This field is required.<\/div>\t\t\t<\/div>\n\t\t<\/div>\n\t\t\n\n\t\t<div data-block-id=\"315c2514\" class=\"srfm-block-single srfm-block srfm-textarea-block srf-textarea-315c2514-block srfm-block-width-100 568\">\n\t\t\t<label id=\"srfm-label-315c2514-lbl-TWVkZGVsYW5kZQ\" for=\"srfm-textarea-315c2514-lbl-TWVkZGVsYW5kZQ\" class=\"srfm-block-label\">Message<span class=\"srfm-required\" aria-label=\"Required\"><span aria-hidden=\"true\"> *<\/span><\/span><\/label>\t\t\t<div class=\"srfm-description\" id=\"srfm-description-315c2514\">Write your message here.<\/div>\t\t\t<div class=\"srfm-block-wrap\">\n\t\t\t\t<textarea class=\"srfm-input-common srfm-input-textarea\" name=\"srfm-textarea-315c2514-lbl-TWVkZGVsYW5kZQ-meddelande\" id=\"srfm-textarea-315c2514-lbl-TWVkZGVsYW5kZQ\"\n\t\t\t\taria-describedby='srfm-error-315c2514 srfm-description-315c2514'\t\t\t\tdata-required=\"true\"  rows=\"4\"  ><\/textarea>\n\t\t\t<\/div>\n\t\t\t<div class=\"srfm-error-wrap\">\n\t\t\t\t<div class=\"srfm-error-message\" data-srfm-id=\"srfm-error-315c2514\" data-error-msg=\"This field is required.\">This field is required.<\/div>\t\t\t<\/div>\n\t\t<\/div>\n\n\t\t\t\t\t\t\t\t\t\t\t\n\t\t\t\t\t\n\t\t\t\t\t<div class=\"srfm-submit-container\">\n\t\t\t\t\t\t<div style=\"width: ; text-align: left\" class=\"wp-block-button\">\n\t\t\t\t\t\t<button style=\"width:\" id=\"srfm-submit-btn\"class=\"srfm-btn-frontend srfm-button srfm-submit-button\"\n\t\t\t\t\t\t\t\t\t\t\t\t>\n\t\t\t\t\t\t\t<div class=\"srfm-submit-wrap\">\n\t\t\t\t\t\t\t\tSend\t\t\t\t\t\t\t<div class=\"srfm-loader\"><\/div>\n\t\t\t\t\t\t\t<\/div>\n\t\t\t\t\t\t<\/button>\n\t\t\t\t\t\t<\/div>\n\t\t\t\t\t<\/div>\n\t\t\t\t\t\t\t\t<p id=\"srfm-error-message\" class=\"srfm-error-message\" hidden=\"true\">There was an error trying to submit your form. Please try again.<\/p>\n\t\t\t<input type=\"hidden\" name=\"trp-form-language\" value=\"en\"\/><\/form>\n\t\t\t<div class=\"srfm-single-form srfm-success-box in-page\">\n\t\t\t\t<div aria-live=\"polite\" aria-atomic=\"true\" role=\"alert\" id=\"srfm-success-message-page-568\" class=\"srfm-success-box-description\"><\/div>\n\t\t\t<\/div>\n\t\t\t\t\t\t<\/div>\n\t\t\n<\/div><\/div>\n\n\n\n<p><\/p>\n\n\n\n<div class=\"wp-block-uagb-container uagb-block-8a74132b alignfull uagb-is-root-container\"><div class=\"uagb-container-inner-blocks-wrap\"><\/div><\/div>","protected":false},"excerpt":{"rendered":"<p>Social media<\/p>","protected":false},"author":1,"featured_media":0,"parent":0,"menu_order":0,"comment_status":"closed","ping_status":"closed","template":"","meta":{"_uag_custom_page_level_css":"","site-sidebar-layout":"default","site-content-layout":"","ast-site-content-layout":"default","site-content-style":"default","site-sidebar-style":"default","ast-global-header-display":"","ast-banner-title-visibility":"","ast-main-header-display":"","ast-hfb-above-header-display":"","ast-hfb-below-header-display":"","ast-hfb-mobile-header-display":"","site-post-title":"disabled","ast-breadcrumbs-content":"","ast-featured-img":"","footer-sml-layout":"","theme-transparent-header-meta":"","adv-header-id-meta":"","stick-header-meta":"","header-above-stick-meta":"","header-main-stick-meta":"","header-below-stick-meta":"","astra-migrate-meta-layouts":"default","ast-page-background-enabled":"default","ast-page-background-meta":{"desktop":{"background-color":"var(--ast-global-color-4)","background-image":"","background-repeat":"repeat","background-position":"center center","background-size":"auto","background-attachment":"scroll","background-type":"","background-media":"","overlay-type":"","overlay-color":"","overlay-opacity":"","overlay-gradient":""},"tablet":{"background-color":"","background-image":"","background-repeat":"repeat","background-position":"center center","background-size":"auto","background-attachment":"scroll","background-type":"","background-media":"","overlay-type":"","overlay-color":"","overlay-opacity":"","overlay-gradient":""},"mobile":{"background-color":"","background-image":"","background-repeat":"repeat","background-position":"center center","background-size":"auto","background-attachment":"scroll","background-type":"","background-media":"","overlay-type":"","overlay-color":"","overlay-opacity":"","overlay-gradient":""}},"ast-content-background-meta":{"desktop":{"background-color":"var(--ast-global-color-5)","background-image":"","background-repeat":"repeat","background-position":"center center","background-size":"auto","background-attachment":"scroll","background-type":"","background-media":"","overlay-type":"","overlay-color":"","overlay-opacity":"","overlay-gradient":""},"tablet":{"background-color":"var(--ast-global-color-5)","background-image":"","background-repeat":"repeat","background-position":"center center","background-size":"auto","background-attachment":"scroll","background-type":"","background-media":"","overlay-type":"","overlay-color":"","overlay-opacity":"","overlay-gradient":""},"mobile":{"background-color":"var(--ast-global-color-5)","background-image":"","background-repeat":"repeat","background-position":"center center","background-size":"auto","background-attachment":"scroll","background-type":"","background-media":"","overlay-type":"","overlay-color":"","overlay-opacity":"","overlay-gradient":""}},"footnotes":""},"class_list":["post-521","page","type-page","status-publish","hentry"],"yoast_head":"<!-- This site is optimized with the Yoast SEO plugin v24.1 - https:\/\/yoast.com\/wordpress\/plugins\/seo\/ -->\n<title>Contact - Svansele<\/title>\n<meta name=\"robots\" content=\"index, follow, max-snippet:-1, max-image-preview:large, max-video-preview:-1\" \/>\n<link rel=\"canonical\" href=\"https:\/\/www.svansele.com\/en\/contact\/\" \/>\n<meta property=\"og:locale\" content=\"en_GB\" \/>\n<meta property=\"og:type\" content=\"article\" \/>\n<meta property=\"og:title\" content=\"Contact - Svansele\" \/>\n<meta property=\"og:description\" content=\"Sociala medier\" \/>\n<meta property=\"og:url\" content=\"https:\/\/www.svansele.com\/en\/contact\/\" \/>\n<meta property=\"og:site_name\" content=\"Svansele\" \/>\n<meta property=\"article:publisher\" content=\"https:\/\/www.facebook.com\/svansele\" \/>\n<meta property=\"article:modified_time\" content=\"2025-03-16T20:28:21+00:00\" \/>\n<meta name=\"twitter:card\" content=\"summary_large_image\" \/>\n<meta name=\"twitter:label1\" content=\"Estimated reading time\" \/>\n\t<meta name=\"twitter:data1\" content=\"1 minute\" \/>\n<script type=\"application\/ld+json\" class=\"yoast-schema-graph\">{\"@context\":\"https:\/\/schema.org\",\"@graph\":[{\"@type\":\"WebPage\",\"@id\":\"https:\/\/www.svansele.com\/contact\/\",\"url\":\"https:\/\/www.svansele.com\/contact\/\",\"name\":\"Contact - Svansele\",\"isPartOf\":{\"@id\":\"https:\/\/www.svansele.com\/#website\"},\"datePublished\":\"2024-12-03T18:03:22+00:00\",\"dateModified\":\"2025-03-16T20:28:21+00:00\",\"breadcrumb\":{\"@id\":\"https:\/\/www.svansele.com\/contact\/#breadcrumb\"},\"inLanguage\":\"en-GB\",\"potentialAction\":[{\"@type\":\"ReadAction\",\"target\":[\"https:\/\/www.svansele.com\/contact\/\"]}]},{\"@type\":\"BreadcrumbList\",\"@id\":\"https:\/\/www.svansele.com\/contact\/#breadcrumb\",\"itemListElement\":[{\"@type\":\"ListItem\",\"position\":1,\"name\":\"Hem\",\"item\":\"https:\/\/www.svansele.com\/\"},{\"@type\":\"ListItem\",\"position\":2,\"name\":\"Contact\"}]},{\"@type\":\"WebSite\",\"@id\":\"https:\/\/www.svansele.com\/#website\",\"url\":\"https:\/\/www.svansele.com\/\",\"name\":\"Restaurang Vildsint Svansele\",\"description\":\"Uppt\u00e4ck Svansele\",\"publisher\":{\"@id\":\"https:\/\/www.svansele.com\/#organization\"},\"potentialAction\":[{\"@type\":\"SearchAction\",\"target\":{\"@type\":\"EntryPoint\",\"urlTemplate\":\"https:\/\/www.svansele.com\/?s={search_term_string}\"},\"query-input\":{\"@type\":\"PropertyValueSpecification\",\"valueRequired\":true,\"valueName\":\"search_term_string\"}}],\"inLanguage\":\"en-GB\"},{\"@type\":\"Organization\",\"@id\":\"https:\/\/www.svansele.com\/#organization\",\"name\":\"Restaurang Vildsint Svansele\",\"url\":\"https:\/\/www.svansele.com\/\",\"logo\":{\"@type\":\"ImageObject\",\"inLanguage\":\"en-GB\",\"@id\":\"https:\/\/www.svansele.com\/#\/schema\/logo\/image\/\",\"url\":\"https:\/\/www.svansele.com\/wp-content\/uploads\/2024\/12\/logo_plain_black.png\",\"contentUrl\":\"https:\/\/www.svansele.com\/wp-content\/uploads\/2024\/12\/logo_plain_black.png\",\"width\":2748,\"height\":800,\"caption\":\"Restaurang Vildsint Svansele\"},\"image\":{\"@id\":\"https:\/\/www.svansele.com\/#\/schema\/logo\/image\/\"},\"sameAs\":[\"https:\/\/www.facebook.com\/svansele\",\"https:\/\/www.instagram.com\/restaurangvildsint\"]}]}<\/script>\n<!-- \/ Yoast SEO plugin. -->","yoast_head_json":{"title":"Contact - Svansele","robots":{"index":"index","follow":"follow","max-snippet":"max-snippet:-1","max-image-preview":"max-image-preview:large","max-video-preview":"max-video-preview:-1"},"canonical":"https:\/\/www.svansele.com\/en\/contact\/","og_locale":"en_GB","og_type":"article","og_title":"Contact - Svansele","og_description":"Sociala medier","og_url":"https:\/\/www.svansele.com\/en\/contact\/","og_site_name":"Svansele","article_publisher":"https:\/\/www.facebook.com\/svansele","article_modified_time":"2025-03-16T20:28:21+00:00","twitter_card":"summary_large_image","twitter_misc":{"Estimated reading time":"1 minute"},"schema":{"@context":"https:\/\/schema.org","@graph":[{"@type":"WebPage","@id":"https:\/\/www.svansele.com\/contact\/","url":"https:\/\/www.svansele.com\/contact\/","name":"Contact - Svansele","isPartOf":{"@id":"https:\/\/www.svansele.com\/#website"},"datePublished":"2024-12-03T18:03:22+00:00","dateModified":"2025-03-16T20:28:21+00:00","breadcrumb":{"@id":"https:\/\/www.svansele.com\/contact\/#breadcrumb"},"inLanguage":"en-GB","potentialAction":[{"@type":"ReadAction","target":["https:\/\/www.svansele.com\/contact\/"]}]},{"@type":"BreadcrumbList","@id":"https:\/\/www.svansele.com\/contact\/#breadcrumb","itemListElement":[{"@type":"ListItem","position":1,"name":"Hem","item":"https:\/\/www.svansele.com\/"},{"@type":"ListItem","position":2,"name":"Contact"}]},{"@type":"WebSite","@id":"https:\/\/www.svansele.com\/#website","url":"https:\/\/www.svansele.com\/","name":"Restaurang Vildsint Svansele","description":"Uppt\u00e4ck Svansele","publisher":{"@id":"https:\/\/www.svansele.com\/#organization"},"potentialAction":[{"@type":"SearchAction","target":{"@type":"EntryPoint","urlTemplate":"https:\/\/www.svansele.com\/?s={search_term_string}"},"query-input":{"@type":"PropertyValueSpecification","valueRequired":true,"valueName":"search_term_string"}}],"inLanguage":"en-GB"},{"@type":"Organization","@id":"https:\/\/www.svansele.com\/#organization","name":"Restaurang Vildsint Svansele","url":"https:\/\/www.svansele.com\/","logo":{"@type":"ImageObject","inLanguage":"en-GB","@id":"https:\/\/www.svansele.com\/#\/schema\/logo\/image\/","url":"https:\/\/www.svansele.com\/wp-content\/uploads\/2024\/12\/logo_plain_black.png","contentUrl":"https:\/\/www.svansele.com\/wp-content\/uploads\/2024\/12\/logo_plain_black.png","width":2748,"height":800,"caption":"Restaurang Vildsint Svansele"},"image":{"@id":"https:\/\/www.svansele.com\/#\/schema\/logo\/image\/"},"sameAs":["https:\/\/www.facebook.com\/svansele","https:\/\/www.instagram.com\/restaurangvildsint"]}]}},"jetpack_sharing_enabled":true,"uagb_featured_image_src":{"full":false,"thumbnail":false,"medium":false,"medium_large":false,"large":false,"1536x1536":false,"2048x2048":false,"trp-custom-language-flag":false},"uagb_author_info":{"display_name":"jessica","author_link":"https:\/\/www.svansele.com\/en\/author\/jessica\/"},"uagb_comment_info":0,"uagb_excerpt":"Sociala medier","_links":{"self":[{"href":"https:\/\/www.svansele.com\/en\/wp-json\/wp\/v2\/pages\/521","targetHints":{"allow":["GET"]}}],"collection":[{"href":"https:\/\/www.svansele.com\/en\/wp-json\/wp\/v2\/pages"}],"about":[{"href":"https:\/\/www.svansele.com\/en\/wp-json\/wp\/v2\/types\/page"}],"author":[{"embeddable":true,"href":"https:\/\/www.svansele.com\/en\/wp-json\/wp\/v2\/users\/1"}],"replies":[{"embeddable":true,"href":"https:\/\/www.svansele.com\/en\/wp-json\/wp\/v2\/comments?post=521"}],"version-history":[{"count":20,"href":"https:\/\/www.svansele.com\/en\/wp-json\/wp\/v2\/pages\/521\/revisions"}],"predecessor-version":[{"id":835,"href":"https:\/\/www.svansele.com\/en\/wp-json\/wp\/v2\/pages\/521\/revisions\/835"}],"wp:attachment":[{"href":"https:\/\/www.svansele.com\/en\/wp-json\/wp\/v2\/media?parent=521"}],"curies":[{"name":"wp","href":"https:\/\/api.w.org\/{rel}","templated":true}]}}